{"id":51,"date":"2025-05-28T02:06:45","date_gmt":"2025-05-28T02:06:45","guid":{"rendered":"https:\/\/rubioranchwear.com\/?page_id=51"},"modified":"2025-06-24T17:47:01","modified_gmt":"2025-06-24T17:47:01","slug":"welcome","status":"publish","type":"page","link":"https:\/\/rubioranchwear.com\/es\/","title":{"rendered":"Bienvenido"},"content":{"rendered":"<div data-elementor-type=\"wp-page\" data-elementor-id=\"51\" class=\"elementor elementor-51\" data-elementor-post-type=\"page\">\n\t\t\t\t<div class=\"elementor-element elementor-element-31791744 e-con-full e-flex e-con e-parent\" data-id=\"31791744\" data-element_type=\"container\" data-e-type=\"container\" data-settings=\"{&quot;background_background&quot;:&quot;classic&quot;}\">\n\t\t<div class=\"elementor-element elementor-element-b61cfa1 e-flex e-con-boxed e-con e-child\" data-id=\"b61cfa1\" data-element_type=\"container\" data-e-type=\"container\">\n\t\t\t\t\t<div class=\"e-con-inner\">\n\t\t\t\t<div class=\"elementor-element elementor-element-cb0dcde elementor-widget elementor-widget-heading\" data-id=\"cb0dcde\" data-element_type=\"widget\" data-e-type=\"widget\" data-widget_type=\"heading.default\">\n\t\t\t\t<div class=\"elementor-widget-container\">\n\t\t\t\t\t<h2 class=\"elementor-heading-title elementor-size-default\">Botas. Equipo. Tradici\u00f3n.<\/h2>\t\t\t\t<\/div>\n\t\t\t\t<\/div>\n\t\t\t\t<div class=\"elementor-element elementor-element-539350e elementor-widget elementor-widget-heading\" data-id=\"539350e\" data-element_type=\"widget\" data-e-type=\"widget\" data-widget_type=\"heading.default\">\n\t\t\t\t<div class=\"elementor-widget-container\">\n\t\t\t\t\t<h2 class=\"elementor-heading-title elementor-size-default\">Propiedad de latinos. Con sede en Fresno.<\/h2>\t\t\t\t<\/div>\n\t\t\t\t<\/div>\n\t\t\t\t\t<\/div>\n\t\t\t\t<\/div>\n\t\t<div class=\"elementor-element elementor-element-f3558ea e-flex e-con-boxed e-con e-child\" data-id=\"f3558ea\" data-element_type=\"container\" data-e-type=\"container\">\n\t\t\t\t\t<div class=\"e-con-inner\">\n\t\t\t\t<div class=\"elementor-element elementor-element-832f094 elementor-widget elementor-widget-button\" data-id=\"832f094\" data-element_type=\"widget\" data-e-type=\"widget\" data-widget_type=\"button.default\">\n\t\t\t\t<div class=\"elementor-widget-container\">\n\t\t\t\t\t\t\t\t\t<div class=\"elementor-button-wrapper\">\n\t\t\t\t\t<a class=\"elementor-button elementor-button-link elementor-size-sm elementor-animation-grow\" href=\"https:\/\/g.co\/kgs\/DKmzP4z\">\n\t\t\t\t\t\t<span class=\"elementor-button-content-wrapper\">\n\t\t\t\t\t\t\t\t\t<span class=\"elementor-button-text\">Comprar en tienda<\/span>\n\t\t\t\t\t<\/span>\n\t\t\t\t\t<\/a>\n\t\t\t\t<\/div>\n\t\t\t\t\t\t\t\t<\/div>\n\t\t\t\t<\/div>\n\t\t\t\t<div class=\"elementor-element elementor-element-6ac6987 elementor-widget elementor-widget-button\" data-id=\"6ac6987\" data-element_type=\"widget\" data-e-type=\"widget\" data-widget_type=\"button.default\">\n\t\t\t\t<div class=\"elementor-widget-container\">\n\t\t\t\t\t\t\t\t\t<div class=\"elementor-button-wrapper\">\n\t\t\t\t\t<a class=\"elementor-button elementor-button-link elementor-size-sm elementor-animation-grow\" href=\"https:\/\/rubioranchwear.com\/es\/our-products\/\">\n\t\t\t\t\t\t<span class=\"elementor-button-content-wrapper\">\n\t\t\t\t\t\t\t\t\t<span class=\"elementor-button-text\">Nuestros Productos<\/span>\n\t\t\t\t\t<\/span>\n\t\t\t\t\t<\/a>\n\t\t\t\t<\/div>\n\t\t\t\t\t\t\t\t<\/div>\n\t\t\t\t<\/div>\n\t\t\t\t\t<\/div>\n\t\t\t\t<\/div>\n\t\t\t\t<\/div>\n\t\t<div class=\"elementor-element elementor-element-2d858d84 e-con-full e-flex e-con e-parent\" data-id=\"2d858d84\" data-element_type=\"container\" data-e-type=\"container\">\n\t\t<div class=\"elementor-element elementor-element-750f47e3 e-con-full e-flex e-con e-child\" data-id=\"750f47e3\" data-element_type=\"container\" data-e-type=\"container\">\n\t\t\t\t<div class=\"elementor-element elementor-element-75939265 elementor-widget elementor-widget-image\" data-id=\"75939265\" data-element_type=\"widget\" data-e-type=\"widget\" data-widget_type=\"image.default\">\n\t\t\t\t<div class=\"elementor-widget-container\">\n\t\t\t\t\t\t\t\t\t\t\t\t\t\t\t<img fetchpriority=\"high\" decoding=\"async\" width=\"1920\" height=\"1690\" src=\"https:\/\/rubioranchwear.com\/wp-content\/uploads\/2025\/05\/IMG_6790-scaled-e1749165686967.jpg\" class=\"attachment-full size-full wp-image-97\" alt=\"\" srcset=\"https:\/\/rubioranchwear.com\/wp-content\/uploads\/2025\/05\/IMG_6790-scaled-e1749165686967.jpg 1920w, https:\/\/rubioranchwear.com\/wp-content\/uploads\/2025\/05\/IMG_6790-scaled-e1749165686967-300x264.jpg 300w, https:\/\/rubioranchwear.com\/wp-content\/uploads\/2025\/05\/IMG_6790-scaled-e1749165686967-1024x901.jpg 1024w, https:\/\/rubioranchwear.com\/wp-content\/uploads\/2025\/05\/IMG_6790-scaled-e1749165686967-768x676.jpg 768w, https:\/\/rubioranchwear.com\/wp-content\/uploads\/2025\/05\/IMG_6790-scaled-e1749165686967-1536x1352.jpg 1536w\" sizes=\"(max-width: 1920px) 100vw, 1920px\" \/>\t\t\t\t\t\t\t\t\t\t\t\t\t\t\t<\/div>\n\t\t\t\t<\/div>\n\t\t\t\t<\/div>\n\t\t<div class=\"elementor-element elementor-element-555eb0b5 e-con-full e-flex e-con e-child\" data-id=\"555eb0b5\" data-element_type=\"container\" data-e-type=\"container\">\n\t\t<div class=\"elementor-element elementor-element-320c343e e-con-full e-flex e-con e-child\" data-id=\"320c343e\" data-element_type=\"container\" data-e-type=\"container\">\n\t\t\t\t<div class=\"elementor-element elementor-element-108d7f4 elementor-widget elementor-widget-heading\" data-id=\"108d7f4\" data-element_type=\"widget\" data-e-type=\"widget\" data-widget_type=\"heading.default\">\n\t\t\t\t<div class=\"elementor-widget-container\">\n\t\t\t\t\t<h2 class=\"elementor-heading-title elementor-size-default\">Nuestra Historia<\/h2>\t\t\t\t<\/div>\n\t\t\t\t<\/div>\n\t\t\t\t<div class=\"elementor-element elementor-element-289da702 elementor-widget elementor-widget-heading\" data-id=\"289da702\" data-element_type=\"widget\" data-e-type=\"widget\" data-widget_type=\"heading.default\">\n\t\t\t\t<div class=\"elementor-widget-container\">\n\t\t\t\t\t<h3 class=\"elementor-heading-title elementor-size-default\">\"A partir de 30 pares...\"<\/h3>\t\t\t\t<\/div>\n\t\t\t\t<\/div>\n\t\t\t\t<div class=\"elementor-element elementor-element-58e98471 elementor-widget__width-inherit elementor-widget elementor-widget-text-editor\" data-id=\"58e98471\" data-element_type=\"widget\" data-e-type=\"widget\" data-widget_type=\"text-editor.default\">\n\t\t\t\t<div class=\"elementor-widget-container\">\n\t\t\t\t\t\t\t\t\t<p><span style=\"font-weight: 400;\">Padre e Hijo fundaron Rubio Ranchwear en 2021 con 30 pares de botas y un peque\u00f1o SUV. Cada fin de semana, empac\u00e1bamos nuestro veh\u00edculo y nos \u00edbamos a las ferias de artesan\u00edas, a menudo sin espacio suficiente para llevar todas las tallas que nuestros clientes necesitaban. No fue f\u00e1cil, pero cre\u00edamos en el sue\u00f1o\u2026<\/span><\/p>\t\t\t\t\t\t\t\t<\/div>\n\t\t\t\t<\/div>\n\t\t\t\t<div class=\"elementor-element elementor-element-3cae250 elementor-tablet-align-center elementor-widget elementor-widget-button\" data-id=\"3cae250\" data-element_type=\"widget\" data-e-type=\"widget\" data-widget_type=\"button.default\">\n\t\t\t\t<div class=\"elementor-widget-container\">\n\t\t\t\t\t\t\t\t\t<div class=\"elementor-button-wrapper\">\n\t\t\t\t\t<a class=\"elementor-button elementor-button-link elementor-size-sm elementor-animation-grow\" href=\"https:\/\/rubioranchwear.com\/es\/our-story\/\">\n\t\t\t\t\t\t<span class=\"elementor-button-content-wrapper\">\n\t\t\t\t\t\t\t\t\t<span class=\"elementor-button-text\">Leer m\u00e1s<\/span>\n\t\t\t\t\t<\/span>\n\t\t\t\t\t<\/a>\n\t\t\t\t<\/div>\n\t\t\t\t\t\t\t\t<\/div>\n\t\t\t\t<\/div>\n\t\t\t\t<\/div>\n\t\t\t\t<\/div>\n\t\t\t\t<\/div>\n\t\t<div class=\"elementor-element elementor-element-839c9bf e-con-full e-flex e-con e-parent\" data-id=\"839c9bf\" data-element_type=\"container\" data-e-type=\"container\">\n\t\t<div class=\"elementor-element elementor-element-50773f7 e-con-full e-flex e-con e-child\" data-id=\"50773f7\" data-element_type=\"container\" data-e-type=\"container\">\n\t\t\t\t<div class=\"elementor-element elementor-element-82650df elementor-widget elementor-widget-image\" data-id=\"82650df\" data-element_type=\"widget\" data-e-type=\"widget\" data-widget_type=\"image.default\">\n\t\t\t\t<div class=\"elementor-widget-container\">\n\t\t\t\t\t\t\t\t\t\t\t\t\t\t\t<img decoding=\"async\" width=\"800\" height=\"658\" src=\"https:\/\/rubioranchwear.com\/wp-content\/uploads\/2025\/05\/IMG_2186-scaled-e1748489418706-1024x842.jpg\" class=\"attachment-large size-large wp-image-140\" alt=\"\" srcset=\"https:\/\/rubioranchwear.com\/wp-content\/uploads\/2025\/05\/IMG_2186-scaled-e1748489418706-1024x842.jpg 1024w, https:\/\/rubioranchwear.com\/wp-content\/uploads\/2025\/05\/IMG_2186-scaled-e1748489418706-300x247.jpg 300w, https:\/\/rubioranchwear.com\/wp-content\/uploads\/2025\/05\/IMG_2186-scaled-e1748489418706-768x632.jpg 768w, https:\/\/rubioranchwear.com\/wp-content\/uploads\/2025\/05\/IMG_2186-scaled-e1748489418706-1536x1264.jpg 1536w, https:\/\/rubioranchwear.com\/wp-content\/uploads\/2025\/05\/IMG_2186-scaled-e1748489418706-2048x1685.jpg 2048w\" sizes=\"(max-width: 800px) 100vw, 800px\" \/>\t\t\t\t\t\t\t\t\t\t\t\t\t\t\t<\/div>\n\t\t\t\t<\/div>\n\t\t\t\t<div class=\"elementor-element elementor-element-52ae73d elementor-hidden-desktop elementor-widget elementor-widget-image\" data-id=\"52ae73d\" data-element_type=\"widget\" data-e-type=\"widget\" data-widget_type=\"image.default\">\n\t\t\t\t<div class=\"elementor-widget-container\">\n\t\t\t\t\t\t\t\t\t\t\t\t\t\t\t<img decoding=\"async\" width=\"800\" height=\"600\" src=\"https:\/\/rubioranchwear.com\/wp-content\/uploads\/2025\/05\/IMG_2188-1-1024x768.jpg\" class=\"attachment-large size-large wp-image-141\" alt=\"\" srcset=\"https:\/\/rubioranchwear.com\/wp-content\/uploads\/2025\/05\/IMG_2188-1-1024x768.jpg 1024w, https:\/\/rubioranchwear.com\/wp-content\/uploads\/2025\/05\/IMG_2188-1-300x225.jpg 300w, https:\/\/rubioranchwear.com\/wp-content\/uploads\/2025\/05\/IMG_2188-1-768x576.jpg 768w, https:\/\/rubioranchwear.com\/wp-content\/uploads\/2025\/05\/IMG_2188-1-1536x1152.jpg 1536w, https:\/\/rubioranchwear.com\/wp-content\/uploads\/2025\/05\/IMG_2188-1-2048x1536.jpg 2048w\" sizes=\"(max-width: 800px) 100vw, 800px\" \/>\t\t\t\t\t\t\t\t\t\t\t\t\t\t\t<\/div>\n\t\t\t\t<\/div>\n\t\t\t\t<\/div>\n\t\t<div class=\"elementor-element elementor-element-b942012 e-con-full e-flex e-con e-child\" data-id=\"b942012\" data-element_type=\"container\" data-e-type=\"container\">\n\t\t<div class=\"elementor-element elementor-element-225d05c e-con-full e-flex e-con e-child\" data-id=\"225d05c\" data-element_type=\"container\" data-e-type=\"container\">\n\t\t\t\t<div class=\"elementor-element elementor-element-1633ff1 elementor-widget elementor-widget-heading\" data-id=\"1633ff1\" data-element_type=\"widget\" data-e-type=\"widget\" data-widget_type=\"heading.default\">\n\t\t\t\t<div class=\"elementor-widget-container\">\n\t\t\t\t\t<h2 class=\"elementor-heading-title elementor-size-default\">Nuestros Productos<\/h2>\t\t\t\t<\/div>\n\t\t\t\t<\/div>\n\t\t\t\t<div class=\"elementor-element elementor-element-30c0e3c elementor-widget__width-inherit elementor-widget elementor-widget-text-editor\" data-id=\"30c0e3c\" data-element_type=\"widget\" data-e-type=\"widget\" data-widget_type=\"text-editor.default\">\n\t\t\t\t<div class=\"elementor-widget-container\">\n\t\t\t\t\t\t\t\t\t<p>No tenemos un inventario masivo, solo una selecci\u00f3n s\u00f3lida y cuidadosamente elegida de botas, botines de trabajo y arreos para caballos. Lo que s\u00ed ofrecemos es calidad. Nuestras botas son importadas directamente de Le\u00f3n, Guanajuato (conocido por tener una de las mejores artesan\u00edas del mundo).<\/p>\t\t\t\t\t\t\t\t<\/div>\n\t\t\t\t<\/div>\n\t\t\t\t<div class=\"elementor-element elementor-element-90c152c elementor-tablet-align-center elementor-widget elementor-widget-button\" data-id=\"90c152c\" data-element_type=\"widget\" data-e-type=\"widget\" data-widget_type=\"button.default\">\n\t\t\t\t<div class=\"elementor-widget-container\">\n\t\t\t\t\t\t\t\t\t<div class=\"elementor-button-wrapper\">\n\t\t\t\t\t<a class=\"elementor-button elementor-button-link elementor-size-sm elementor-animation-grow\" href=\"https:\/\/rubioranchwear.com\/es\/our-products\/\">\n\t\t\t\t\t\t<span class=\"elementor-button-content-wrapper\">\n\t\t\t\t\t\t\t\t\t<span class=\"elementor-button-text\">Ver todos los productos<\/span>\n\t\t\t\t\t<\/span>\n\t\t\t\t\t<\/a>\n\t\t\t\t<\/div>\n\t\t\t\t\t\t\t\t<\/div>\n\t\t\t\t<\/div>\n\t\t\t\t<\/div>\n\t\t\t\t<\/div>\n\t\t\t\t<\/div>\n\t\t<div class=\"elementor-element elementor-element-77ecd30 e-con-full e-flex e-con e-child\" data-id=\"77ecd30\" data-element_type=\"container\" data-e-type=\"container\" data-settings=\"{&quot;background_background&quot;:&quot;classic&quot;}\">\n\t\t\t\t<div class=\"elementor-element elementor-element-d5791fe elementor-widget elementor-widget-text-editor\" data-id=\"d5791fe\" data-element_type=\"widget\" data-e-type=\"widget\" data-widget_type=\"text-editor.default\">\n\t\t\t\t<div class=\"elementor-widget-container\">\n\t\t\t\t\t\t\t\t\t<p>Vis\u00edtanos en<\/p>\t\t\t\t\t\t\t\t<\/div>\n\t\t\t\t<\/div>\n\t\t\t\t<div class=\"elementor-element elementor-element-4ea781d elementor-widget elementor-widget-image\" data-id=\"4ea781d\" data-element_type=\"widget\" data-e-type=\"widget\" data-widget_type=\"image.default\">\n\t\t\t\t<div class=\"elementor-widget-container\">\n\t\t\t\t\t\t\t\t\t\t\t\t\t\t\t<img loading=\"lazy\" decoding=\"async\" width=\"800\" height=\"170\" src=\"https:\/\/rubioranchwear.com\/wp-content\/uploads\/2025\/06\/Untitled-design.png\" class=\"attachment-large size-large wp-image-336\" alt=\"\" srcset=\"https:\/\/rubioranchwear.com\/wp-content\/uploads\/2025\/06\/Untitled-design.png 940w, https:\/\/rubioranchwear.com\/wp-content\/uploads\/2025\/06\/Untitled-design-300x64.png 300w, https:\/\/rubioranchwear.com\/wp-content\/uploads\/2025\/06\/Untitled-design-768x163.png 768w\" sizes=\"(max-width: 800px) 100vw, 800px\" \/>\t\t\t\t\t\t\t\t\t\t\t\t\t\t\t<\/div>\n\t\t\t\t<\/div>\n\t\t<div class=\"elementor-element elementor-element-f082bad e-con-full e-flex e-con e-child\" data-id=\"f082bad\" data-element_type=\"container\" data-e-type=\"container\">\n\t\t\t\t<div class=\"elementor-element elementor-element-a20c8e3 elementor-widget elementor-widget-button\" data-id=\"a20c8e3\" data-element_type=\"widget\" data-e-type=\"widget\" data-widget_type=\"button.default\">\n\t\t\t\t<div class=\"elementor-widget-container\">\n\t\t\t\t\t\t\t\t\t<div class=\"elementor-button-wrapper\">\n\t\t\t\t\t<a class=\"elementor-button elementor-button-link elementor-size-sm elementor-animation-grow\" href=\"https:\/\/www.fresnobee.com\/news\/local\/article306846811.html\">\n\t\t\t\t\t\t<span class=\"elementor-button-content-wrapper\">\n\t\t\t\t\t\t\t\t\t<span class=\"elementor-button-text\">Lee aqu\u00ed<\/span>\n\t\t\t\t\t<\/span>\n\t\t\t\t\t<\/a>\n\t\t\t\t<\/div>\n\t\t\t\t\t\t\t\t<\/div>\n\t\t\t\t<\/div>\n\t\t\t\t<\/div>\n\t\t\t\t<\/div>\n\t\t<div class=\"elementor-element elementor-element-80fe79b e-con-full e-flex e-con e-parent\" data-id=\"80fe79b\" data-element_type=\"container\" data-e-type=\"container\">\n\t\t<div class=\"elementor-element elementor-element-78d201a e-con-full e-flex e-con e-child\" data-id=\"78d201a\" data-element_type=\"container\" data-e-type=\"container\">\n\t\t\t\t<div class=\"elementor-element elementor-element-099683d elementor-widget elementor-widget-image\" data-id=\"099683d\" data-element_type=\"widget\" data-e-type=\"widget\" data-widget_type=\"image.default\">\n\t\t\t\t<div class=\"elementor-widget-container\">\n\t\t\t\t\t\t\t\t\t\t\t\t\t\t\t<img loading=\"lazy\" decoding=\"async\" width=\"1280\" height=\"200\" src=\"https:\/\/rubioranchwear.com\/wp-content\/uploads\/2025\/05\/l.png\" class=\"attachment-full size-full wp-image-172\" alt=\"\" srcset=\"https:\/\/rubioranchwear.com\/wp-content\/uploads\/2025\/05\/l.png 1280w, https:\/\/rubioranchwear.com\/wp-content\/uploads\/2025\/05\/l-300x47.png 300w, https:\/\/rubioranchwear.com\/wp-content\/uploads\/2025\/05\/l-1024x160.png 1024w, https:\/\/rubioranchwear.com\/wp-content\/uploads\/2025\/05\/l-768x120.png 768w\" sizes=\"(max-width: 1280px) 100vw, 1280px\" \/>\t\t\t\t\t\t\t\t\t\t\t\t\t\t\t<\/div>\n\t\t\t\t<\/div>\n\t\t\t\t<div class=\"elementor-element elementor-element-5a2ac32 elementor-widget elementor-widget-heading\" data-id=\"5a2ac32\" data-element_type=\"widget\" data-e-type=\"widget\" data-widget_type=\"heading.default\">\n\t\t\t\t<div class=\"elementor-widget-container\">\n\t\t\t\t\t<h2 class=\"elementor-heading-title elementor-size-default\">Contacto<\/h2>\t\t\t\t<\/div>\n\t\t\t\t<\/div>\n\t\t\t\t<div class=\"elementor-element elementor-element-f01e9ef elementor-widget elementor-widget-heading\" data-id=\"f01e9ef\" data-element_type=\"widget\" data-e-type=\"widget\" data-widget_type=\"heading.default\">\n\t\t\t\t<div class=\"elementor-widget-container\">\n\t\t\t\t\t<h3 class=\"elementor-heading-title elementor-size-default\">\u00bfTienes preguntas sobre tallas?,<br>\u00bfdisponibilidad, o solo quieres pasar por la tienda?<\/h3>\t\t\t\t<\/div>\n\t\t\t\t<\/div>\n\t\t\t\t<div class=\"elementor-element elementor-element-4d037ef elementor-widget__width-inherit elementor-widget elementor-widget-text-editor\" data-id=\"4d037ef\" data-element_type=\"widget\" data-e-type=\"widget\" data-widget_type=\"text-editor.default\">\n\t\t\t\t<div class=\"elementor-widget-container\">\n\t\t\t\t\t\t\t\t\t<p>Estamos aqu\u00ed para ayudar. Puede comunicarse con nosotros por mensaje, llamada o, mejor a\u00fan, vis\u00edtenos en persona. Estamos orgullosos de servir a la comunidad de Fresno y esperamos conocerlo.<\/p>\t\t\t\t\t\t\t\t<\/div>\n\t\t\t\t<\/div>\n\t\t\t\t<div class=\"elementor-element elementor-element-2e84961 elementor-align-center elementor-widget elementor-widget-button\" data-id=\"2e84961\" data-element_type=\"widget\" data-e-type=\"widget\" data-widget_type=\"button.default\">\n\t\t\t\t<div class=\"elementor-widget-container\">\n\t\t\t\t\t\t\t\t\t<div class=\"elementor-button-wrapper\">\n\t\t\t\t\t<a class=\"elementor-button elementor-button-link elementor-size-sm elementor-animation-grow\" href=\"https:\/\/rubioranchwear.com\/es\/contact\/\">\n\t\t\t\t\t\t<span class=\"elementor-button-content-wrapper\">\n\t\t\t\t\t\t\t\t\t<span class=\"elementor-button-text\">Cont\u00e1ctanos<\/span>\n\t\t\t\t\t<\/span>\n\t\t\t\t\t<\/a>\n\t\t\t\t<\/div>\n\t\t\t\t\t\t\t\t<\/div>\n\t\t\t\t<\/div>\n\t\t\t\t<\/div>\n\t\t\t\t<\/div>\n\t\t\t\t<\/div>","protected":false},"excerpt":{"rendered":"<p>Boots. Tack. Tradition. Latino-owned. Fresno-based. Shop In-Store Our Products Our Story &#8220;Starting From 30 Pairs&#8230;&#8221; Father-Son began Rubio Ranchwear in 2021 with 30 pairs of boots and a small SUV. Every weekend, we\u2019d pack our vehicle tight and head out to swap meets, often without enough room to bring every size our customers needed. It [&hellip;]<\/p>\n","protected":false},"author":1,"featured_media":0,"parent":0,"menu_order":0,"comment_status":"closed","ping_status":"closed","template":"elementor_header_footer","meta":{"footnotes":""},"class_list":["post-51","page","type-page","status-publish","hentry"],"_links":{"self":[{"href":"https:\/\/rubioranchwear.com\/es\/wp-json\/wp\/v2\/pages\/51","targetHints":{"allow":["GET"]}}],"collection":[{"href":"https:\/\/rubioranchwear.com\/es\/wp-json\/wp\/v2\/pages"}],"about":[{"href":"https:\/\/rubioranchwear.com\/es\/wp-json\/wp\/v2\/types\/page"}],"author":[{"embeddable":true,"href":"https:\/\/rubioranchwear.com\/es\/wp-json\/wp\/v2\/users\/1"}],"replies":[{"embeddable":true,"href":"https:\/\/rubioranchwear.com\/es\/wp-json\/wp\/v2\/comments?post=51"}],"version-history":[{"count":20,"href":"https:\/\/rubioranchwear.com\/es\/wp-json\/wp\/v2\/pages\/51\/revisions"}],"predecessor-version":[{"id":485,"href":"https:\/\/rubioranchwear.com\/es\/wp-json\/wp\/v2\/pages\/51\/revisions\/485"}],"wp:attachment":[{"href":"https:\/\/rubioranchwear.com\/es\/wp-json\/wp\/v2\/media?parent=51"}],"curies":[{"name":"wp","href":"https:\/\/api.w.org\/{rel}","templated":true}]}}